{"id":424,"date":"2026-04-15T11:37:14","date_gmt":"2026-04-15T09:37:14","guid":{"rendered":"https:\/\/od7bolesci.pl\/?post_type=product&#038;p=424"},"modified":"2026-04-15T12:10:06","modified_gmt":"2026-04-15T10:10:06","slug":"opowiadanie-elzunia-i-kociolek","status":"publish","type":"product","link":"https:\/\/od7bolesci.pl\/?product=opowiadanie-elzunia-i-kociolek","title":{"rendered":"Opowiadanie w wersji elektronicznej &#8211; El\u017cunia i kocio\u0142ek"},"content":{"rendered":"<p><strong>El\u017cbieta Skade. Bardziej znana jako El\u017cunia. Barwna posta\u0107 powie\u015bci \u201eZnajomo\u015b\u0107 barterowa\u201d. Na tyle barwna, \u017ce jej osobowo\u015b\u0107 nie zmie\u015bci\u0142a si\u0119 w roli drugoplanowej. Pokochana przez czytelnik\u00f3w historii Darii i Kuby nie mog\u0142a nie doczeka\u0107 si\u0119 w\u0142asnych pi\u0119ciu minut.<\/strong><\/p>\n<p><strong>Jak El\u017cunia \u015bwi\u0119tuje Dzie\u0144 Kobiet? Co Lesiu przygotowa\u0142 dla swojej ukochanej? I dlaczego dni bez okazji s\u0105 w tej rodzinie \u0142atwiejsze?<\/strong><\/p>\n<p><em><strong>Odpowiedzi w opowiadaniu.<\/strong><\/em><\/p>\n","protected":false},"excerpt":{"rendered":"<p><strong>Co si\u0119 dzieje, kiedy posta\u0107 drugoplanowa niemal przy\u0107miewa g\u0142\u00f3wnych bohater\u00f3w? Dostaje swoje w\u0142asne pi\u0119\u0107 minut!<\/strong><\/p>\n<p><strong>Zapraszamy na pierwsze opowiadanie z serii: <em>El\u017cunia<\/em><\/strong><\/p>\n","protected":false},"featured_media":426,"comment_status":"open","ping_status":"closed","template":"","meta":[],"product_brand":[],"product_cat":[34],"product_tag":[39,36,37,38,35],"class_list":{"0":"post-424","1":"product","2":"type-product","3":"status-publish","4":"has-post-thumbnail","6":"product_cat-opowiadanie","7":"product_tag-do-pobrania","8":"product_tag-elzunia-i-kociolek","9":"product_tag-format-epub","10":"product_tag-format-mobi","11":"product_tag-opowiadanie","13":"first","14":"instock","15":"downloadable","16":"virtual","17":"taxable","18":"purchasable","19":"product-type-simple"},"_links":{"self":[{"href":"https:\/\/od7bolesci.pl\/index.php?rest_route=\/wp\/v2\/product\/424","targetHints":{"allow":["GET"]}}],"collection":[{"href":"https:\/\/od7bolesci.pl\/index.php?rest_route=\/wp\/v2\/product"}],"about":[{"href":"https:\/\/od7bolesci.pl\/index.php?rest_route=\/wp\/v2\/types\/product"}],"replies":[{"embeddable":true,"href":"https:\/\/od7bolesci.pl\/index.php?rest_route=%2Fwp%2Fv2%2Fcomments&post=424"}],"wp:featuredmedia":[{"embeddable":true,"href":"https:\/\/od7bolesci.pl\/index.php?rest_route=\/wp\/v2\/media\/426"}],"wp:attachment":[{"href":"https:\/\/od7bolesci.pl\/index.php?rest_route=%2Fwp%2Fv2%2Fmedia&parent=424"}],"wp:term":[{"taxonomy":"product_brand","embeddable":true,"href":"https:\/\/od7bolesci.pl\/index.php?rest_route=%2Fwp%2Fv2%2Fproduct_brand&post=424"},{"taxonomy":"product_cat","embeddable":true,"href":"https:\/\/od7bolesci.pl\/index.php?rest_route=%2Fwp%2Fv2%2Fproduct_cat&post=424"},{"taxonomy":"product_tag","embeddable":true,"href":"https:\/\/od7bolesci.pl\/index.php?rest_route=%2Fwp%2Fv2%2Fproduct_tag&post=424"}],"curies":[{"name":"wp","href":"https:\/\/api.w.org\/{rel}","templated":true}]}}