{"id":415,"date":"2026-04-13T19:02:54","date_gmt":"2026-04-13T17:02:54","guid":{"rendered":"https:\/\/od7bolesci.pl\/?post_type=product&#038;p=415"},"modified":"2026-04-23T15:16:48","modified_gmt":"2026-04-23T13:16:48","slug":"sciaga-z-pisania-e-book","status":"publish","type":"product","link":"https:\/\/od7bolesci.pl\/?product=sciaga-z-pisania-e-book","title":{"rendered":"\u015aci\u0105ga z pisania \u2013 e-book"},"content":{"rendered":"<p><strong>To nie jest ani poradnik j\u0119zykowy, ani s\u0142ownik. <em>\u015aci\u0105ga z pisania<\/em> to kr\u00f3tki zbi\u00f3r najcz\u0119\u015bciej pojawiaj\u0105cych si\u0119 b\u0142\u0119d\u00f3w pocz\u0105tkuj\u0105cych (i nie tylko) pisarzy.<\/strong><br \/>\n<strong><\/strong><\/p>\n<p><strong>Znajdziesz tu wyt\u0142umaczenie kwestii, kt\u00f3re sprawiaj\u0105 pisz\u0105cym najwi\u0119cej problem\u00f3w. Z \u0142atwo\u015bci\u0105 przyswoisz mi\u0119dzy innymi, jak technicznie przygotowa\u0107 tekst; jak poprawnie tworzy\u0107 dialogi czy my\u015bli bohatera; dlaczego raz piszemy co\u015b du\u017c\u0105, a raz ma\u0142\u0105 liter\u0105; a tak\u017ce jak przebiega proces wydawniczy, wsp\u00f3\u0142praca z redaktorem i korektorem oraz czym na tym etapie prac kompletnie nie musisz zawraca\u0107 sobie g\u0142owy. Szybko zrozumiesz, jak unikn\u0105\u0107 nagminnie pojawiaj\u0105cych si\u0119 w propozycjach wydawniczych potkni\u0119\u0107 lub gdzie szuka\u0107 pomocy.<\/strong><br \/>\n<strong><\/strong><\/p>\n<p><strong>Z zawart\u0105 w tym <em>e-booku<\/em> wiedz\u0105 pisanie stanie si\u0119 jeszcze przyjemniejsze, poprawisz sw\u00f3j warsztat, a Tw\u00f3j tekst zyska na warto\u015bci, co realnie zwi\u0119kszy szans\u0119 na zainteresowanie wydawcy.<\/strong><\/p>\n","protected":false},"excerpt":{"rendered":"<p><strong>Chcesz pisa\u0107 ksi\u0105\u017cki, ale nie do ko\u0144ca wiesz, jak si\u0119 za to zabra\u0107? A mo\u017ce dr\u017cysz na sam\u0105 na my\u015bl o wsp\u00f3\u0142pracy z redaktorem, bo boisz si\u0119, \u017ce po jego zmianach nie poznasz w\u0142asnej ksi\u0105\u017cki? <\/strong><\/p>\n<p><strong>Je\u015bli tak, ten <em>mini przewodnik<\/em> napisany przez do\u015bwiadczon\u0105 redaktork\u0119, korektork\u0119, pisark\u0119 i wydawczyni\u0119 w jednym jest dla Ciebie.<\/strong><\/p>\n","protected":false},"featured_media":413,"comment_status":"open","ping_status":"closed","template":"","meta":[],"product_brand":[],"product_cat":[30],"product_tag":[32,33,31],"class_list":{"0":"post-415","1":"product","2":"type-product","3":"status-publish","4":"has-post-thumbnail","6":"product_cat-e-book","7":"product_tag-e-book","8":"product_tag-premiera","9":"product_tag-sciaga-z-pisania","11":"first","12":"instock","13":"downloadable","14":"virtual","15":"taxable","16":"purchasable","17":"product-type-simple"},"_links":{"self":[{"href":"https:\/\/od7bolesci.pl\/index.php?rest_route=\/wp\/v2\/product\/415","targetHints":{"allow":["GET"]}}],"collection":[{"href":"https:\/\/od7bolesci.pl\/index.php?rest_route=\/wp\/v2\/product"}],"about":[{"href":"https:\/\/od7bolesci.pl\/index.php?rest_route=\/wp\/v2\/types\/product"}],"replies":[{"embeddable":true,"href":"https:\/\/od7bolesci.pl\/index.php?rest_route=%2Fwp%2Fv2%2Fcomments&post=415"}],"wp:featuredmedia":[{"embeddable":true,"href":"https:\/\/od7bolesci.pl\/index.php?rest_route=\/wp\/v2\/media\/413"}],"wp:attachment":[{"href":"https:\/\/od7bolesci.pl\/index.php?rest_route=%2Fwp%2Fv2%2Fmedia&parent=415"}],"wp:term":[{"taxonomy":"product_brand","embeddable":true,"href":"https:\/\/od7bolesci.pl\/index.php?rest_route=%2Fwp%2Fv2%2Fproduct_brand&post=415"},{"taxonomy":"product_cat","embeddable":true,"href":"https:\/\/od7bolesci.pl\/index.php?rest_route=%2Fwp%2Fv2%2Fproduct_cat&post=415"},{"taxonomy":"product_tag","embeddable":true,"href":"https:\/\/od7bolesci.pl\/index.php?rest_route=%2Fwp%2Fv2%2Fproduct_tag&post=415"}],"curies":[{"name":"wp","href":"https:\/\/api.w.org\/{rel}","templated":true}]}}