{"id":407,"date":"2026-04-13T18:31:42","date_gmt":"2026-04-13T16:31:42","guid":{"rendered":"https:\/\/od7bolesci.pl\/?post_type=product&#038;p=407"},"modified":"2026-05-08T17:33:09","modified_gmt":"2026-05-08T15:33:09","slug":"plan-a","status":"publish","type":"product","link":"https:\/\/od7bolesci.pl\/?product=plan-a","title":{"rendered":"Plan A"},"content":{"rendered":"<p><strong>Co si\u0119 dzieje, gdy najlepszy kumpel ch\u0142opaka dzia\u0142a na nerwy tak, \u017ce jedyne, co przychodzi do g\u0142owy, to przy\u0142o\u017cy\u0107 mu patelni\u0105 w \u0142eb? Najlepiej w taki spos\u00f3b, \u017ceby ju\u017c si\u0119 z tego nie pozbiera\u0142\u2026<\/strong><\/p>\n<p><strong>A co, je\u015bli to najlepszy kumpel spotyka si\u0119 z kobiet\u0105, kt\u00f3rej obecno\u015b\u0107 sprawia, \u017ce my\u015bl o pozwoleniu na bro\u0144 staje si\u0119 ca\u0142kiem sensowna\u2026?<\/strong><\/p>\n<p><strong>Radek i Konrad od lat s\u0105 dla siebie jak bracia. Ich przyja\u017a\u0144 zostaje jednak regularnie wystawiana na pr\u00f3by od momentu, w kt\u00f3rym poznaj\u0105 Ol\u0119. Dziewczyna nie znosi przyjaciela swojego ukochanego.<\/strong><\/p>\n<p><strong>Z wzajemno\u015bci\u0105.<\/strong><\/p>\n<p><strong>Co przetrwa: <em>mi\u0142o\u015b\u0107 czy przyja\u017a\u0144?<\/em><\/strong><\/p>\n<p><strong>A mo\u017ce jest szansa, \u017ce obie?<\/strong><\/p>\n<p><strong>Ola i Konrad kontra Konrad i Radek, czyli zabawna i momentami wzruszaj\u0105ca komedia romantyczna o tym, jak cienka bywa granica mi\u0119dzy nienawi\u015bci\u0105, mi\u0142o\u015bci\u0105, przyja\u017ani\u0105 i zdrad\u0105.<\/strong><\/p>\n","protected":false},"excerpt":{"rendered":"<p><strong>Co kiedy plan <em>A<\/em> zawodzi, do planu <em>B<\/em> nawet nie dochodzi, a zamiast tego realizowany jest plan <em>C<\/em>, kt\u00f3rego nikt wcze\u015bniej nie omawia\u0142?<\/strong><\/p>\n","protected":false},"featured_media":408,"comment_status":"open","ping_status":"closed","template":"","meta":[],"product_brand":[],"product_cat":[17],"product_tag":[18,41,29],"class_list":{"0":"post-407","1":"product","2":"type-product","3":"status-publish","4":"has-post-thumbnail","6":"product_cat-ksiazka","7":"product_tag-ksiazka","8":"product_tag-milosc-czy-przyjazn","9":"product_tag-plan-a","11":"first","12":"instock","13":"taxable","14":"shipping-taxable","15":"purchasable","16":"product-type-simple"},"_links":{"self":[{"href":"https:\/\/od7bolesci.pl\/index.php?rest_route=\/wp\/v2\/product\/407","targetHints":{"allow":["GET"]}}],"collection":[{"href":"https:\/\/od7bolesci.pl\/index.php?rest_route=\/wp\/v2\/product"}],"about":[{"href":"https:\/\/od7bolesci.pl\/index.php?rest_route=\/wp\/v2\/types\/product"}],"replies":[{"embeddable":true,"href":"https:\/\/od7bolesci.pl\/index.php?rest_route=%2Fwp%2Fv2%2Fcomments&post=407"}],"wp:featuredmedia":[{"embeddable":true,"href":"https:\/\/od7bolesci.pl\/index.php?rest_route=\/wp\/v2\/media\/408"}],"wp:attachment":[{"href":"https:\/\/od7bolesci.pl\/index.php?rest_route=%2Fwp%2Fv2%2Fmedia&parent=407"}],"wp:term":[{"taxonomy":"product_brand","embeddable":true,"href":"https:\/\/od7bolesci.pl\/index.php?rest_route=%2Fwp%2Fv2%2Fproduct_brand&post=407"},{"taxonomy":"product_cat","embeddable":true,"href":"https:\/\/od7bolesci.pl\/index.php?rest_route=%2Fwp%2Fv2%2Fproduct_cat&post=407"},{"taxonomy":"product_tag","embeddable":true,"href":"https:\/\/od7bolesci.pl\/index.php?rest_route=%2Fwp%2Fv2%2Fproduct_tag&post=407"}],"curies":[{"name":"wp","href":"https:\/\/api.w.org\/{rel}","templated":true}]}}