{"id":229,"date":"2025-06-21T14:02:38","date_gmt":"2025-06-21T12:02:38","guid":{"rendered":"https:\/\/od7bolesci.pl\/?post_type=product&#038;p=229"},"modified":"2026-04-14T12:32:25","modified_gmt":"2026-04-14T10:32:25","slug":"ksiazka-razem-az-po-szczyt","status":"publish","type":"product","link":"https:\/\/od7bolesci.pl\/?product=ksiazka-razem-az-po-szczyt","title":{"rendered":"Razem a\u017c po szczyt"},"content":{"rendered":"<p><strong>Do Dominiki pierwszy raz w \u017cyciu u\u015bmiecha si\u0119 los. Dziewczyna rzuca znienawidzon\u0105 prac\u0119, postanawia spe\u0142ni\u0107 marzenia i na kilka tygodni wyjecha\u0107 w g\u00f3ry, w kt\u00f3rych nigdy dot\u0105d nie by\u0142a. Z tego powodu decyduje si\u0119 wynaj\u0105\u0107 przewodnika. Na jej og\u0142oszenie odpowiada Miko\u0142aj &#8211; starszy od niej o kilka lat m\u0119\u017cczyzna po przej\u015bciach. On tak\u017ce niedawno odwa\u017cy\u0142 si\u0119 zmieni\u0107 swoje \u017cycie i kupi\u0142 wymagaj\u0105cy remontu o\u015brodek wypoczynkowy. Inwestycja poch\u0142ania jednak znacznie wi\u0119cej pieni\u0119dzy oraz energii, ni\u017c pocz\u0105tkowo zak\u0142ada\u0142.<\/strong><\/p>\n<p><strong>Czy Dominika zakocha si\u0119 w g\u00f3rach?<\/strong><\/p>\n<p><strong>Czy dzi\u0119ki pomocy nowo poznanej kobiety Miko\u0142ajowi uda si\u0119 osi\u0105gn\u0105\u0107 cel?<\/strong><\/p>\n<p><strong>Poznaj pe\u0142n\u0105 humoru i wzruszaj\u0105cy moment\u00f3w romantyczn\u0105 histori\u0119 pary, kt\u00f3r\u0105 na pierwszy rzut oka wi\u0119cej dzieli, ni\u017c \u0142\u0105czy.<\/strong><\/p>\n","protected":false},"excerpt":{"rendered":"<p><strong>Poznaj pierwszy tom niezwyk\u0142ej serii <em>Zakochani bez pami\u0119ci<\/em> i razem z bohaterami udaj si\u0119 w romantyczn\u0105 podr\u00f3\u017c po naszych pi\u0119knych Karkonoszach.<\/strong><\/p>\n","protected":false},"featured_media":230,"comment_status":"open","ping_status":"closed","template":"","meta":[],"product_brand":[],"product_cat":[17],"product_tag":[18,21,20],"class_list":{"0":"post-229","1":"product","2":"type-product","3":"status-publish","4":"has-post-thumbnail","6":"product_cat-ksiazka","7":"product_tag-ksiazka","8":"product_tag-pierwszy-tom","9":"product_tag-seria-zakochani-bez-pamieci","11":"first","12":"instock","13":"taxable","14":"shipping-taxable","15":"purchasable","16":"product-type-simple"},"_links":{"self":[{"href":"https:\/\/od7bolesci.pl\/index.php?rest_route=\/wp\/v2\/product\/229","targetHints":{"allow":["GET"]}}],"collection":[{"href":"https:\/\/od7bolesci.pl\/index.php?rest_route=\/wp\/v2\/product"}],"about":[{"href":"https:\/\/od7bolesci.pl\/index.php?rest_route=\/wp\/v2\/types\/product"}],"replies":[{"embeddable":true,"href":"https:\/\/od7bolesci.pl\/index.php?rest_route=%2Fwp%2Fv2%2Fcomments&post=229"}],"wp:featuredmedia":[{"embeddable":true,"href":"https:\/\/od7bolesci.pl\/index.php?rest_route=\/wp\/v2\/media\/230"}],"wp:attachment":[{"href":"https:\/\/od7bolesci.pl\/index.php?rest_route=%2Fwp%2Fv2%2Fmedia&parent=229"}],"wp:term":[{"taxonomy":"product_brand","embeddable":true,"href":"https:\/\/od7bolesci.pl\/index.php?rest_route=%2Fwp%2Fv2%2Fproduct_brand&post=229"},{"taxonomy":"product_cat","embeddable":true,"href":"https:\/\/od7bolesci.pl\/index.php?rest_route=%2Fwp%2Fv2%2Fproduct_cat&post=229"},{"taxonomy":"product_tag","embeddable":true,"href":"https:\/\/od7bolesci.pl\/index.php?rest_route=%2Fwp%2Fv2%2Fproduct_tag&post=229"}],"curies":[{"name":"wp","href":"https:\/\/api.w.org\/{rel}","templated":true}]}}