{"id":3,"date":"2025-06-10T19:02:49","date_gmt":"2025-06-10T17:02:49","guid":{"rendered":"https:\/\/od7bolesci.pl\/?page_id=3"},"modified":"2025-06-19T17:52:34","modified_gmt":"2025-06-19T15:52:34","slug":"polityka-prywatnosci","status":"publish","type":"page","link":"https:\/\/od7bolesci.pl\/?page_id=3","title":{"rendered":"Polityka prywatno\u015bci"},"content":{"rendered":"\t\t<div data-elementor-type=\"wp-page\" data-elementor-id=\"3\" class=\"elementor elementor-3\">\n\t\t\t\t<div class=\"elementor-element elementor-element-5e0042f2 e-flex e-con-boxed e-con e-parent\" data-id=\"5e0042f2\" data-element_type=\"container\">\n\t\t\t\t\t<div class=\"e-con-inner\">\n\t\t\t\t<div class=\"elementor-element elementor-element-84aa9 elementor-widget elementor-widget-text-editor\" data-id=\"84aa9\" data-element_type=\"widget\" data-widget_type=\"text-editor.default\">\n\t\t\t\t<div class=\"elementor-widget-container\">\n\t\t\t\t\t\t\t\t\t<div>\n<div>\n<article>\n<div>\n<div>\n<p><strong>Regulamin i pliki cookies<\/strong><\/p>\n<ol>\n<li>Niniejsza Polityka Prywatno\u015bci okre\u015bla zasady przetwarzania i ochrony danych osobowych przekazanych przez U\u017cytkownik\u00f3w w zwi\u0105zku z korzystaniem przez nich z us\u0142ug oferowanych przez<span>&nbsp;<\/span><a href=\"https:\/\/malita-bekier.pl\/\">od7bolesci.pl<\/a><\/li>\n<li>W\u0142a\u015bcicielem i administratorem strony<span>&nbsp;<\/span><a href=\"https:\/\/malita-bekier.pl\/\"><\/a><a href=\"https:\/\/malita-bekier.pl\/\">od7bolesci.pl<\/a><span>&nbsp;<\/span>jest:<br>Wydawnictwo Od Siedmiu Bole\u015bci Monika Malita-Bekier, Natalia Waszak-Jurgiel sp\u00f3\u0142ka cywilna, NIP 851-33-29-086.<\/li>\n<li>Serwis realizuje funkcje pozyskiwania informacji o u\u017cytkownikach i ich zachowaniach w nast\u0119puj\u0105cy spos\u00f3b:\n<ul>\n<li>poprzez gromadzenie plik\u00f3w \u201ecookies\u201d [patrz polityka plik\u00f3w \u201ecookies\u201d].<\/li>\n<li>poprzez dobrowolnie wprowadzone w formularzach informacje.<\/li>\n<\/ul>\n<\/li>\n<\/ol>\n<h4><strong>I Polityka prywatno\u015bci:<\/strong><\/h4>\n<ol>\n<li>W trosce o bezpiecze\u0144stwo powierzonych nam danych opracowali\u015bmy wewn\u0119trzne procedury i zalecenia, kt\u00f3re maj\u0105 zapobiec udost\u0119pnieniu danych osobom nieupowa\u017cnionym. Kontrolujemy ich wykonywanie i stale sprawdzamy ich zgodno\u015b\u0107 z odpowiednimi aktami prawnymi \u2013 ustaw\u0105 o ochronie danych osobowych, ustaw\u0105 o \u015bwiadczeniu us\u0142ug drog\u0105 elektroniczn\u0105, a tak\u017ce wszelkiego rodzaju aktach wykonawczych i aktach prawa wsp\u00f3lnotowego.<\/li>\n<li>Dane Osobowe przetwarzane s\u0105 na podstawie zgody wyra\u017canej przez U\u017cytkownika oraz w przypadkach, w kt\u00f3rych przepisy prawa upowa\u017cniaj\u0105 Administratora do przetwarzania danych osobowych na podstawie przepis\u00f3w prawa lub w celu realizacji zawartej pomi\u0119dzy stronami umowy.<\/li>\n<li>Strona www.od7bolesci.pl zbiera informacje dobrowolnie podane przez u\u017cytkownika.<\/li>\n<li>Dane podane w formularzu s\u0105 przetwarzane w celu wynikaj\u0105cym z funkcji konkretnego formularza np. w celu dokonania procesu obs\u0142ugi kontaktu informacyjnego.<\/li>\n<li>Dane osobowe pozostawione w serwisie nie zostan\u0105 sprzedane ani udost\u0119pnione osobom trzecim, zgodnie z przepisami Ustawy o ochronie danych osobowych.<\/li>\n<li>Do danych zawartych w formularzu przys\u0142uguje wgl\u0105d osobie fizycznej, kt\u00f3ra je tam umie\u015bci\u0142a. Osoba ta ma r\u00f3wnie\u017c prawo do modyfikacji i zaprzestania przetwarzania swoich danych w dowolnym momencie.<\/li>\n<li>Zastrzegamy sobie prawo do zmiany w polityce ochrony prywatno\u015bci serwisu, na kt\u00f3re mo\u017ce wp\u0142yn\u0105\u0107 rozw\u00f3j technologii internetowej, ewentualne zmiany prawa w zakresie ochrony danych osobowych oraz rozw\u00f3j naszego serwisu internetowego. O wszelkich zmianach b\u0119dziemy informowa\u0107 w spos\u00f3b widoczny i zrozumia\u0142y.<\/li>\n<li>Na stronie www.od7bolesci.pl mog\u0105 pojawia\u0107 si\u0119 linki do innych stron internetowych. Takie strony internetowe dzia\u0142aj\u0105 niezale\u017cnie od Serwisu i nie s\u0105 w \u017caden spos\u00f3b nadzorowane przez nas. Strony te mog\u0105 posiada\u0107 w\u0142asne polityki dotycz\u0105ce prywatno\u015bci oraz regulaminy, z kt\u00f3rymi zalecamy si\u0119 zapozna\u0107.<\/li>\n<\/ol>\n<h4><strong>II. Przetwarzanie danych osobowych:<\/strong><\/h4>\n<ol>\n<li>Administratorem Twoich danych osobowych w rozumieniu przepis\u00f3w o ochronie danych osobowych jest Wydawnictwo Od Siedmiu Bole\u015bci Monika Malita-Bekier, Natalia Waszak-Jurgiel sp\u00f3\u0142ka cywilna&nbsp;[patrz: wy\u017cej]<\/li>\n<li>Cele, podstawy prawne oraz okres przetwarzania danych osobowych wskazane s\u0105 odr\u0119bnie w stosunku do ka\u017cdego celu przetwarzania danych (patrz: opis poszczeg\u00f3lnych cel\u00f3w przetwarzania danych osobowych poni\u017cej).<\/li>\n<li>RODO przyznaje Ci nast\u0119puj\u0105ce potencjalne uprawnienia zwi\u0105zane z przetwarzaniem Twoich danych osobowych [art. 16 \u2013 21 RODO]:\n<ul>\n<li>prawo dost\u0119pu do danych osobowych,<\/li>\n<li>prawo do sprostowania danych osobowych,<\/li>\n<li>prawo do usuni\u0119cia danych osobowych,<\/li>\n<li>prawo do ograniczenia przetwarzania danych osobowych,<\/li>\n<li>prawo do wniesienia sprzeciwu co do przetwarzania danych osobowych,<\/li>\n<li>prawo do przenoszenia danych,<\/li>\n<li>prawo do wniesienia skargi do organu nadzorczego (Prezesa Urz\u0119du Ochrony Danych Osobowych),<\/li>\n<li>prawo do odwo\u0142ania zgody na przetwarzanie danych osobowych, je\u017celi takow\u0105 zgod\u0119 wyrazi\u0142e\u015b.<\/li>\n<\/ul>\n<\/li>\n<li>Dane osobowe s\u0105 gromadzone z nale\u017cyt\u0105 staranno\u015bci\u0105 i odpowiednio chronione przed dost\u0119pem do nich przez osoby do tego nieupowa\u017cnione.<\/li>\n<li>Wykaz powierze\u0144. Powierzamy przetwarzanie danych osobowych nast\u0119puj\u0105cym podmiotom:<br>LH.PL \u2013 ul. Pami\u0105tkowa 2\/56 w Poznaniu 61-512, NIP: 7831711517 \u2013&nbsp;w celu przechowywania danych osobowych na serwerze.<br>Wszystkie podmioty, kt\u00f3rym powierzamy przetwarzanie danych osobowych gwarantuj\u0105 stosowanie odpowiednich \u015brodk\u00f3w ochrony i bezpiecze\u0144stwa danych osobowych wymaganych przez przepisy prawa.<\/li>\n<li>Cele i czynno\u015bci przetwarzania:<\/li>\n<\/ol>\n<h5><strong>Kontakt e-mailowy<\/strong>.<\/h5>\n<p>Kontaktuj\u0105c si\u0119 z nami za po\u015brednictwem poczty elektronicznej, w tym r\u00f3wnie\u017c przesy\u0142aj\u0105c zapytanie poprzez formularz kontaktowy, w spos\u00f3b naturalny przekazywany nam jest adres e-mail jako adres nadawcy wiadomo\u015bci. Ponadto, w tre\u015bci wiadomo\u015bci mo\u017cna dobrowolnie zawrze\u0107 inne dane osobowe.<\/p>\n<p>W tym przypadku, dane s\u0105 przetwarzane w celu kontaktu, a podstaw\u0105 przetwarzania jest zgoda wynikaj\u0105ce z zainicjowania kontaktu (art. 6 ust. 1 lit. a RODO). Podstaw\u0105 prawn\u0105 przetwarzania po zako\u0144czeniu kontaktu jest usprawiedliwiony cel w postaci archiwizacji korespondencji na potrzeby wewn\u0119trzne (art. 6 ust. 1 lit. c RODO).<\/p>\n<p>Tre\u015b\u0107 korespondencji mo\u017ce podlega\u0107 archiwizacji i nie jeste\u015bmy w stanie jednoznacznie okre\u015bli\u0107, kiedy zostanie usuni\u0119ta. Istnieje mo\u017cliwo\u015b\u0107 domagania si\u0119 przedstawienia historii prowadzonej z nami korespondencji (je\u017celi podlega\u0142a archiwizacji), jak r\u00f3wnie\u017c domaga\u0107 si\u0119 jej usuni\u0119cia, chyba \u017ce jej archiwizacja jest uzasadniona z uwagi na nasze nadrz\u0119dne interesy, np. obrona przed potencjalnymi roszczeniami.<\/p>\n<h4><strong>III. Polityka plik\u00f3w cookies:<\/strong><\/h4>\n<ol>\n<li>Strona www.od7bolesci.pl zbiera w spos\u00f3b automatyczny tylko informacje zawarte w plikach cookies.<\/li>\n<li>Pliki cookies s\u0105 plikami tekstowymi, kt\u00f3re przechowywane s\u0105 w urz\u0105dzeniu ko\u0144cowym u\u017cytkownika serwisu. Przeznaczone s\u0105 jedynie do korzystania ze strony. Zawieraj\u0105 nazw\u0119 strony internetowej, unikalny numer, czas przechowywania na urz\u0105dzeniu ko\u0144cowym.<\/li>\n<li>W\u0142a\u015bciciel tej strony zamieszcza na urz\u0105dzeniu ko\u0144cowym swojego u\u017cytkownika pliki cookies i ma do nich dost\u0119p.<\/li>\n<li>Strona ta wykorzystuje pliki cookies w celu:<\/li>\n<\/ol>\n<p>* dopasowania zawarto\u015bci strony internetowej do indywidualnych preferencji u\u017cytkownika, przede wszystkim do rozpoznawania jego urz\u0105dzenia i wy\u015bwietlania strony z godnie z jego preferencjami;<br>* przygotowywania statystyk pomagaj\u0105cych poznaniu preferencji i zachowa\u0144 u\u017cytkownik\u00f3w, analiza tych statystyk jest anonimowa i umo\u017cliwia dostosowanie zawarto\u015bci i wygl\u0105du strony do panuj\u0105cych trend\u00f3w i do oceny popularno\u015bci strony;<br>* mo\u017cliwo\u015bci logowania do serwisu;<br>* utrzymania logowania u\u017cytkownika na kolejnych podstronach www.od7bolesci.pl.<\/p>\n<ol>\n<li>Strona www.od7bolesci.pl stosuje pliki cookies sesyjne i sta\u0142e. Pliki sesyjne s\u0105 tymczasowe, przechowuje si\u0119 je do momentu opuszczenia strony serwisu poprzez wej\u015bcie na inn\u0105 stron\u0119, wylogowanie lub wy\u0142\u0105czenie przegl\u0105darki. Pliki sta\u0142e przechowywane s\u0105 w urz\u0105dzeniu ko\u0144cowym u\u017cytkownika do czasu ich usuni\u0119cia przez u\u017cytkownika lub przez czas wynikaj\u0105cy z ich ustawie\u0144.<\/li>\n<li>U\u017cytkownik mo\u017ce w ka\u017cdej chwili dokona\u0107 zmiany ustawie\u0144 swojej przegl\u0105darki, aby zablokowa\u0107 obs\u0142ug\u0119 plik\u00f3w cookies albo uzyskiwa\u0107 informacje o ich umieszczeniu na swoim urz\u0105dzeniu. Standardowo, wi\u0119kszo\u015b\u0107 przegl\u0105darek domy\u015blnie jest ustawione na akceptacj\u0119 zapisu plik\u00f3w cookies.<\/li>\n<li>W\u0142a\u015bciciel strony informuje, \u017ce zmiany ustawie\u0144 w przegl\u0105darce internetowej u\u017cytkownika, w tym niezezwolenie na pliki cookies, mog\u0105 ograniczy\u0107 dost\u0119p do niekt\u00f3rych funkcji strony internetowej.<\/li>\n<li>Pliki cookies, o kt\u00f3rych mowa (zamieszczane w urz\u0105dzeniu ko\u0144cowym u\u017cytkownika) mog\u0105 by\u0107 udost\u0119pnione partnerom i wsp\u00f3\u0142pracuj\u0105cym ze stron\u0105 www.wtwoiminteresie.pl reklamodawcom.<\/li>\n<li>Informacje dotycz\u0105ce ustawie\u0144 przegl\u0105darek internetowych dost\u0119pne s\u0105 w jej menu (pomoc) lub na stronie jej tw\u00f3rc\u00f3w.<\/li>\n<li>Pliki cookies wykorzystywane s\u0105 do \u015bledzenia statystyk strony, takich jak liczba os\u00f3b odwiedzaj\u0105cych, rodzaj systemu operacyjnego i przegl\u0105darki internetowej wykorzystywanej do przegl\u0105dania strony, czas sp\u0119dzony na stronie, odwiedzone podstrony etc.\n<ul>\n<li>Korzystamy w tym zakresie z Google Analytics, co wi\u0105\u017ce si\u0119 z wykorzystaniem plik\u00f3w cookies firmy Google LLC. W ramach mechanizmu do zarz\u0105dzania ustawieniami plik\u00f3w cookies mo\u017cna zadecydowa\u0107, czy w ramach us\u0142ugi Google Analytics b\u0119dziemy mogli korzysta\u0107 r\u00f3wnie\u017c z funkcji marketingowych, czy nie<\/li>\n<li>Korzystamy z narz\u0119dzi marketingowych, takich jak Facebook Pixel, by tworzy\u0107 reklamy. Wi\u0105\u017c\u0119 si\u0119 to z wykorzystywaniem plik\u00f3w cookies firmy Facebook. W ramach ustawie\u0144 plik\u00f3w cookies mo\u017cna zadecydowa\u0107, czy wyra\u017casz zgod\u0119 na korzystanie przez nas w Twoim przypadku z Pixela Facebooka, czy nie.<\/li>\n<li>Zapewniamy mo\u017cliwo\u015b\u0107 korzystania z funkcji spo\u0142eczno\u015bciowych, takich jak udost\u0119pnianie tre\u015bci w serwisach spo\u0142eczno\u015bciowych oraz subskrypcja profilu spo\u0142eczno\u015bciowego. Korzystanie z tych funkcji wi\u0105\u017ce si\u0119 z wykorzystywaniem plik\u00f3w cookies administrator\u00f3w serwis\u00f3w spo\u0142eczno\u015bciowych takich jak Facebook, Instagram, YouTube, Twitter, Google+, LinkedIN, Pinterest.<\/li>\n<li>Osadzamy na stronie nagrania wideo z serwisu YouTube. Gdy odtwarzasz takie nagrania, wykorzystywane s\u0105 pliki cookies firmy Google LLC dotycz\u0105ce us\u0142ugi YouTube.<\/li>\n<\/ul>\n<\/li>\n<li>Korzystanie ze strony wi\u0105\u017ce si\u0119 z przesy\u0142aniem zapyta\u0144 do serwera, na kt\u00f3rym przechowywana jest strona. Ka\u017cde zapytanie skierowane do serwera zapisywane jest w logach serwera.<br>Logi obejmuj\u0105 m.in. adres IP, dat\u0119 i czas serwera, informacje o przegl\u0105darce internetowej i systemie operacyjnym. Logi zapisywane i przechowywane s\u0105 na serwerze.<br>Dane zapisane w logach serwera nie s\u0105 kojarzone z konkretnymi osobami korzystaj\u0105cymi ze strony i nie s\u0105 wykorzystywane przez nas w celu identyfikacji.<br>Logi serwera stanowi\u0105 wy\u0142\u0105cznie materia\u0142 pomocniczy s\u0142u\u017c\u0105cy do administrowania stron\u0105, a ich zawarto\u015b\u0107 nie jest ujawniana nikomu poza osobami upowa\u017cnionymi do administrowania serwerem.<\/li>\n<\/ol>\n<\/div>\n<\/div>\n<\/article>\n<\/div>\n<\/div>\n<footer>\n<div>\n<div><\/div>\n<\/div>\n<\/footer>\t\t\t\t\t\t\t\t<\/div>\n\t\t\t\t<\/div>\n\t\t\t\t\t<\/div>\n\t\t\t\t<\/div>\n\t\t\t\t<\/div>\n\t\t","protected":false},"excerpt":{"rendered":"<p>Regulamin i pliki cookies Niniejsza Polityka Prywatno\u015bci okre\u015bla zasady przetwarzania i ochrony danych osobowych przekazanych przez U\u017cytkownik\u00f3w w zwi\u0105zku z korzystaniem przez nich z us\u0142ug oferowanych przez&nbsp;od7bolesci.pl W\u0142a\u015bcicielem i administratorem strony&nbsp;od7bolesci.pl&nbsp;jest:Wydawnictwo Od Siedmiu Bole\u015bci Monika Malita-Bekier, Natalia Waszak-Jurgiel sp\u00f3\u0142ka cywilna, NIP 851-33-29-086. Serwis realizuje funkcje pozyskiwania informacji o u\u017cytkownikach i [&hellip;]<\/p>\n","protected":false},"author":1,"featured_media":0,"parent":0,"menu_order":0,"comment_status":"closed","ping_status":"open","template":"","meta":{"footnotes":""},"class_list":["post-3","page","type-page","status-publish","hentry"],"_links":{"self":[{"href":"https:\/\/od7bolesci.pl\/index.php?rest_route=\/wp\/v2\/pages\/3","targetHints":{"allow":["GET"]}}],"collection":[{"href":"https:\/\/od7bolesci.pl\/index.php?rest_route=\/wp\/v2\/pages"}],"about":[{"href":"https:\/\/od7bolesci.pl\/index.php?rest_route=\/wp\/v2\/types\/page"}],"author":[{"embeddable":true,"href":"https:\/\/od7bolesci.pl\/index.php?rest_route=\/wp\/v2\/users\/1"}],"replies":[{"embeddable":true,"href":"https:\/\/od7bolesci.pl\/index.php?rest_route=%2Fwp%2Fv2%2Fcomments&post=3"}],"version-history":[{"count":3,"href":"https:\/\/od7bolesci.pl\/index.php?rest_route=\/wp\/v2\/pages\/3\/revisions"}],"predecessor-version":[{"id":63,"href":"https:\/\/od7bolesci.pl\/index.php?rest_route=\/wp\/v2\/pages\/3\/revisions\/63"}],"wp:attachment":[{"href":"https:\/\/od7bolesci.pl\/index.php?rest_route=%2Fwp%2Fv2%2Fmedia&parent=3"}],"curies":[{"name":"wp","href":"https:\/\/api.w.org\/{rel}","templated":true}]}}