{"id":245,"date":"2025-06-23T16:47:44","date_gmt":"2025-06-23T14:47:44","guid":{"rendered":"https:\/\/od7bolesci.pl\/?page_id=245"},"modified":"2025-06-29T15:06:43","modified_gmt":"2025-06-29T13:06:43","slug":"regulamin","status":"publish","type":"page","link":"https:\/\/od7bolesci.pl\/?page_id=245","title":{"rendered":"Regulamin"},"content":{"rendered":"\t\t<div data-elementor-type=\"wp-page\" data-elementor-id=\"245\" class=\"elementor elementor-245\">\n\t\t\t\t<div class=\"elementor-element elementor-element-21cfbc4 e-flex e-con-boxed e-con e-parent\" data-id=\"21cfbc4\" data-element_type=\"container\">\n\t\t\t\t\t<div class=\"e-con-inner\">\n\t\t\t\t<div class=\"elementor-element elementor-element-1c9d6c5 elementor-widget elementor-widget-text-editor\" data-id=\"1c9d6c5\" data-element_type=\"widget\" data-widget_type=\"text-editor.default\">\n\t\t\t\t<div class=\"elementor-widget-container\">\n\t\t\t\t\t\t\t\t\t<p><b>Regulamin strony<\/b><\/p><p>Niniejszy Regulamin, jest Regulaminem, o kt\u00f3rym mowa w art. 8 Ustawy z dnia 18 lipca 2002 r. o \u015bwiadczeniu us\u0142ug drog\u0105 elektroniczn\u0105 (Dz. U. z 2002 r. Nr 144, poz. 1204 ze zm.), a tak\u017ce reguluje warunki zawierania Um\u00f3w sprzeda\u017cy w Serwisie, zgodnie z tre\u015bci\u0105 innych ustaw, odpowiednio reguluj\u0105cych ten obowi\u0105zek.<\/p><p>Serwis prowadzony jest przez Monik\u0119 Malit\u0119-Bekier i <span>Natali\u0119 Waszak-Jurgiel<\/span> prowadz\u0105ce dzia\u0142alno\u015b\u0107 gospodarcz\u0105 pod nazw\u0105:<\/p><p><span>Wydawnictwo Od Siedmiu Bole\u015bci Monika Malita-Bekier, Natalia Waszak-Jurgiel sp\u00f3\u0142ka cywilna<br \/>NIP: 8513329086<br \/>REGON: 541368899.<\/span><\/p><p>Wy\u0142\u0105czne prawo do prowadzenia Serwisu ma wskazany powy\u017cej podmiot, kt\u00f3ry jest W\u0142a\u015bcicielem, Sprzedawc\u0105 oraz Administratorem Serwisu. W przypadku jakichkolwiek pyta\u0144 prosimy o kontaktowanie si\u0119 na poni\u017csze dane teleadresowe: tel.:724651491, e-mail wydawnictwo@od7bolesci.pl<\/p><p>Serwis dzia\u0142a w oparciu o obowi\u0105zuj\u0105ce przepisy prawa oraz z\u00a0poszanowaniem dobrych obyczaj\u00f3w w obrocie gospodarczym, w\u00a0szczeg\u00f3lno\u015bci maj\u0105c na wzgl\u0119dzie standardy ecommerce w przedmiocie\u00a0jako\u015bci towar\u00f3w oraz obs\u0142ugi przeprowadzanych transakcji.<\/p><p><b>Definicje:<\/b><\/p><p>Regulamin \u2013 niniejszy Regulamin wraz z za\u0142\u0105cznikami, informuj\u0105cy o obowi\u0105zkach oraz uprawnieniach Stron Umowy,<br \/>Strona \u2013 stron\u0105 Umowy jest Klient lub Sprzedawca \u2013 w przypadku poj\u0119cia Strony \u2013 rozumie si\u0119 Klienta oraz Sprzedawc\u0119 \u0142\u0105cznie,<br \/>Umowa zawarta na odleg\u0142o\u015b\u0107 \u2013 umow\u0119 zawart\u0105 z Klientem w ramach zorganizowanego systemu zawierania um\u00f3w na odleg\u0142o\u015b\u0107, bez jednoczesnej fizycznej obecno\u015bci Stron, z wy\u0142\u0105cznym wykorzystaniem jednego lub wi\u0119kszej liczby \u015brodk\u00f3w porozumiewania si\u0119 na odleg\u0142o\u015b\u0107 do chwili zawarcia umowy w\u0142\u0105cznie,<br \/>Serwis \u2013 sklep internetowy dost\u0119pny pod adresem: od7bolesci.pl<br \/>Sprzedawca \u2013 sklep internetowy dost\u0119pny pod adresem: od7bolesci.pl<br \/>Klient \u2013 osoba fizyczna, osoba prawna oraz jednostka organizacyjna nie posiadaj\u0105ca osobowo\u015bci prawnej, kt\u00f3rej ustawa przyznaje zdolno\u015b\u0107 prawn\u0105, nabywaj\u0105ca produkty lub us\u0142ugi za po\u015brednictwem Serwisu,<br \/>Konsument \u2013 osoba fizyczna nabywaj\u0105ca produkty lub us\u0142ugi za\u00a0po\u015brednictwem Serwisu w celu niezwi\u0105zanym bezpo\u015brednio z jej\u00a0dzia\u0142alno\u015bci\u0105 gospodarcz\u0105 lub zawodow\u0105,<br \/>U\u017cytkownik \u2013 ka\u017cdy podmiot korzystaj\u0105cy z Serwisu,<br \/>Konto \u2013 panel U\u017cytkownika dost\u0119pny po zalogowaniu si\u0119 w Serwisie,<br \/>Forma p\u0142atno\u015bci \u2013 forma zap\u0142aty za zam\u00f3wiony produkt lub us\u0142ug\u0119,\u00a0wybrana przez Klienta podczas sk\u0142adanego zam\u00f3wienia oferowana przez\u00a0Serwis lub w wyniku indywidualnych ustale\u0144 prowadzonych z Serwisem w\u00a0innej formie ni\u017c prezentowane na stronie internetowej formy p\u0142atno\u015bci,<\/p><p>Produkt\u00a0\u2013 dost\u0119pna w Serwisie rzecz ruchoma, kt\u00f3rej tw\u00f3rc\u0105 lub wsp\u00f3\u0142tw\u00f3rc\u0105 jest Sprzedawca,\u00a0b\u0119d\u0105ca przedmiotem Umowy Sprzeda\u017cy mi\u0119dzy Klientem a Sprzedawc\u0105,\u00a0 \u00a0 \u00a0<\/p><p>Umowa Sprzeda\u017cy \u2013 Umowa Sprzeda\u017cy Produktu zawarta mi\u0119dzy Klientem, a Sprzedawc\u0105 za\u00a0po\u015brednictwem Serwisu.<\/p><p><b>Par. 1 Postanowienia Og\u00f3lne<\/b><\/p><p>Przedmiotem dzia\u0142alno\u015bci Serwisu jest sprzeda\u017c autorskich ksi\u0105\u017cek.\u00a0W sprawach nieuregulowanych niniejszym Regulaminem zastosowanie\u00a0znajd\u0105 w\u0142a\u015bciwe przepisy prawa obowi\u0105zuj\u0105ce na terytorium\u00a0Rzeczypospolitej Polskiej, a w szczeg\u00f3lno\u015bci ustawy z dnia 23 kwietnia 1964 r.\u00a0\u2013 Kodeks Cywilny (Dz. U. nr 16, poz. 93 ze zm.), ustawy z dnia 30 maja 2014 r. o\u00a0prawach konsumenta ( Dz. U. 2014 poz. 827) oraz ustawy z dnia 29 sierpnia\u00a01997 r. o ochronie danych osobowych (tekst jedn.: Dz. U. z 2002 r. nr 101, poz.\u00a0926 ze zm.).<br \/>Tre\u015bci znajduj\u0105ce si\u0119 w Serwisie, opisuj\u0105ce produkty i us\u0142ugi oferowane\u00a0przez Us\u0142ugodawc\u0119, nie stanowi\u0105 oferty handlowej w rozumieniu przepis\u00f3w\u00a0Kodeksu cywilnego.\u00a0<br \/>Cennik znajduj\u0105cy si\u0119 na stronie g\u0142\u00f3wnej Serwisu nie stanowi oferty handlowej w rozumienia przepis\u00f3w Kodeksu cywilnego.<\/p><p><b>Par. 2 Procedura sk\u0142adania zam\u00f3wie\u0144 i moment zawarcia umowy<\/b><\/p><p>Procedura sk\u0142adania zam\u00f3wie\u0144 i moment zawarcia umowy Klient mo\u017ce sk\u0142ada\u0107 zam\u00f3wienia w serwisie 24 godziny na dob\u0119 7 dni w tygodniu poprzez stron\u0119 internetow\u0105 od7bolesci.pl<br \/>Serwis prowadzi sprzeda\u017c na terytorium Rzeczpospolitej Polskiej jak i poza granicami kraju.<br \/>Informacje o produktach i us\u0142ugach prezentowane na stronach internetowych Serwisu stanowi\u0105 informacj\u0119 handlow\u0105 w rozumieniu przepis\u00f3w Kodeksu cywilnego.<br \/>Z\u0142o\u017cenie zam\u00f3wienia stanowi ofert\u0119 w rozumieniu kodeksu cywilnego,\u00a0z\u0142o\u017con\u0105 Sprzedawcy przez Klienta.<br \/>W celu z\u0142o\u017cenia zam\u00f3wienia Klient powinien skorzysta\u0107 z e-sklepu dost\u0119pnego pod adresem od7bolesci.pl<br \/>Po z\u0142o\u017ceniu prawid\u0142owego zam\u00f3wienia, zam\u00f3wienie uwa\u017ca si\u0119 za z\u0142o\u017cone.<br \/>Zam\u00f3wienia z\u0142o\u017cone w w\/w spos\u00f3b s\u0105 potwierdzane mailowo. Za chwil\u0119 zawarcia umowy uznaje si\u0119 wys\u0142anie do Klienta informacji zwrotnej z potwierdzeniem przyj\u0119cia zam\u00f3wienia. Po zaksi\u0119gowaniu \u015brodk\u00f3w i realizacji zam\u00f3wienia, na podany w formularzu adres Klienta zostanie przes\u0142any zam\u00f3wiony produkt.<br \/>Dniem wykonania Umowy zawartej za po\u015brednictwem Serwisu jest dzie\u0144 wys\u0142ania do Klienta zam\u00f3wionego produktu. Termin realizacji zam\u00f3wienia zwykle do 3 dni roboczych.<\/p><p><b>Par. 3 P\u0142atno\u015bci<\/b><\/p><p>Wszystkie ceny prezentowane w Serwisie s\u0105 cenami brutto, wyra\u017conymi w z\u0142otych polskich.<br \/>Serwis przewiduje nast\u0119puj\u0105ce rodzaje p\u0142atno\u015bci:<br \/>a) P\u0142atno\u015bci on-line poprzez serwis Przelewy24<br \/>b) P\u0142atno\u015bci kart\u0105 i blikiem poprzez serwis Przelewy24<br \/>c) Przelew bankowy<br \/>Klient dokonuje zam\u00f3wienia wed\u0142ug cen obowi\u0105zuj\u0105cych w chwili z\u0142o\u017cenia zam\u00f3wienia.<br \/>Serwis zastrzega sobie prawo do zmiany cen. Postanowienie to nie dotyczy zam\u00f3wie\u0144 ju\u017c realizowanych.<\/p><p><b>Par. 4 Procedura reklamacyjna<\/b><\/p><p>Wszelkie reklamacje zwi\u0105zane ze \u015bwiadczeniem za po\u015brednictwem Serwisu Us\u0142ug oraz pytania dotycz\u0105ce u\u017cytkowania Serwisu nale\u017cy sk\u0142ada\u0107 na adres poczty elektronicznej: wydawnictwo@od7bolesci.pl Prawid\u0142owo z\u0142o\u017cona reklamacja powinna zawiera\u0107 co najmniej oznaczenie Klienta (imi\u0119, nazwisko, adres zamieszkania, adres poczty elektronicznej, telefon kontaktowy), opis reklamowanego faktu lub us\u0142ugi.<br \/>W sytuacji gdy podane w reklamacji dane lub informacje wymagaj\u0105 uzupe\u0142nienia Us\u0142ugodawca zwraca si\u0119, przed rozpatrzeniem reklamacji, do sk\u0142adaj\u0105cego reklamacj\u0119 o jej uzupe\u0142nienie. Czas udzielania dodatkowych wyja\u015bnie\u0144 przez Serwis przed\u0142u\u017ca okres rozpatrywania reklamacji.<br \/>W przypadku um\u00f3w zawieranych z Konsumentami, Serwis ponosi odpowiedzialno\u015b\u0107 wobec Konsumenta na zasadach okre\u015blonych w art. 556 i kolejnych Kodeksu cywilnego za wady fizyczne lub prawne (r\u0119kojmia).<br \/>Serwis w ci\u0105gu 14 (czternastu) dni ustosunkuje si\u0119 do zg\u0142oszenia Konsumenta. W przeciwnym razie uwa\u017ca si\u0119, \u017ce Sprzedawca uzna\u0142 o\u015bwiadczenie lub \u017c\u0105danie Konsumenta za uzasadnione.<br \/>Je\u017celi Klient b\u0119d\u0105cy Konsumentem za\u017c\u0105da\u0142 wymiany us\u0142ugi albo z\u0142o\u017cy\u0142 o\u015bwiadczenie o obni\u017ceniu ceny, okre\u015blaj\u0105c kwot\u0119, o kt\u00f3r\u0105 cena ma by\u0107 obni\u017cona, a Serwis nie ustosunkowa\u0142 si\u0119 do tego \u017c\u0105dania w terminie czternastu dni, uwa\u017ca si\u0119, \u017ce \u017c\u0105danie to uzna\u0142 za uzasadnione.<br \/>W przypadku um\u00f3w zawieranych z Klientami nie b\u0119d\u0105cymi jednocze\u015bnie konsumentami, na podstawie art. 558 \u00a7 1 Kodeksu cywilnego,\u00a0odpowiedzialno\u015b\u0107 Serwisu z tytu\u0142u r\u0119kojmi jest wy\u0142\u0105czona.<\/p><p><b>Par. 5 Odst\u0105pienie od umowy, zako\u0144czenie korzystania<\/b><\/p><p>1. Z zastrze\u017ceniem pkt 10 niniejszego paragrafu, Klient b\u0119d\u0105cy jednoczenie Konsumentem, na podstawie art. 27 ustawy o prawach konsumenta, kt\u00f3ry\u00a0zawar\u0142 umow\u0119 na odleg\u0142o\u015b\u0107, mo\u017ce od niej odst\u0105pi\u0107 bez podania przyczyny i\u00a0bez ponoszenia koszt\u00f3w, z wyj\u0105tkiem koszt\u00f3w okre\u015blonych w art. 33, 34 oraz\u00a035 Ustawy o prawach konsumenta, sk\u0142adaj\u0105c stosowne o\u015bwiadczenie na\u00a0pi\u015bmie w terminie czternastu dni od dnia dor\u0119czenia mu przedmiotu\u00a0umowy. Do zachowania tego terminu wystarczy wys\u0142anie o\u015bwiadczenia\u00a0przed jego up\u0142ywem. O\u015bwiadczenie mo\u017cna wys\u0142a\u0107 drog\u0105 elektroniczn\u0105 lub\u00a0na adres do dor\u0119cze\u0144.<br \/>O\u015bwiadczenie mo\u017ce zosta\u0107 z\u0142o\u017cone na formularzu, kt\u00f3ry stanowi Za\u0142\u0105cznik\u00a0do niniejszego Regulaminu.<br \/>2. W razie odst\u0105pienia od umowy Umowa Sprzeda\u017cy jest uwa\u017cana za niezawart\u0105, a Konsument ma\u00a0obowi\u0105zek zwr\u00f3ci\u0107 Produkt Sprzedawcy lub przekaza\u0107 go osobie upowa\u017cnionej przez Sprzedawc\u0119 do\u00a0odbioru niezw\u0142ocznie, jednak nie p\u00f3\u017aniej ni\u017c 14 dni od dnia, w\u00a0kt\u00f3rym odst\u0105pi\u0142 od umowy, chyba \u017ce Sprzedawca zaproponowa\u0142, \u017ce sam odbierze Produkt. Do\u00a0zachowania terminu wystarczy odes\u0142anie Produktu przed jego up\u0142ywem.<\/p><p>3. W przypadku odst\u0105pienia od Umowy Sprzeda\u017cy nale\u017cy skontaktowa\u0107 si\u0119 ze Sprzedawc\u0105 pod adresem e-mail: wydawnictwo@od7bolesci.pl<\/p><p>4. Konsument ponosi odpowiedzialno\u015b\u0107 za\u00a0zmniejszenie warto\u015bci Produktu b\u0119d\u0105ce wynikiem korzystania z\u00a0niego w\u00a0spos\u00f3b wykraczaj\u0105cy poza konieczny do\u00a0stwierdzenia charakteru, cech i\u00a0funkcjonowania Produktu. W\u00a0celu stwierdzenia charakteru, cech i\u00a0funkcjonowania Produkt\u00f3w Konsument powinien obchodzi\u0107 si\u0119 z\u00a0Produktami i\u00a0sprawdza\u0107 je tylko w\u00a0taki sam spos\u00f3b, w\u00a0jaki m\u00f3g\u0142by to zrobi\u0107 w\u00a0sklepie stacjonarnym.<\/p><p>5. Z zastrze\u017ceniem pkt 6 oraz 8 niniejszego paragrafu, Sprzedawca dokona zwrotu warto\u015bci Produktu wraz z\u00a0kosztami jego dostawy. Z\u00a0zastrze\u017ceniem pkt 7 niniejszego paragrafu, zwrot nast\u0105pi niezw\u0142ocznie, a najp\u00f3\u017aniej w\u00a0terminie 14 dni od momentu otrzymania przez Sprzedawc\u0119 o\u015bwiadczenia o\u00a0odst\u0105pieniu od Umowy Sprzeda\u017cy.<\/p><p>6. Je\u017celi Konsument wybra\u0142 spos\u00f3b dostawy Produktu inny ni\u017c najta\u0144szy zwyk\u0142y spos\u00f3b dostarczenia oferowany przez Sklep, Sprzedawca nie jest zobowi\u0105zany do\u00a0zwrotu mu, poniesionych przez niego dodatkowych koszt\u00f3w.<\/p><p>7. Je\u017celi Sprzedawca nie zaproponowa\u0142, \u017ce sam odbierze Produkt od Konsumenta mo\u017ce wstrzyma\u0107 si\u0119 ze\u00a0zwrotem p\u0142atno\u015bci otrzymanych od Konsumenta do\u00a0chwili otrzymania rzeczy z\u00a0powrotem lub dostarczenia dowodu jej odes\u0142ania, w\u00a0zale\u017cno\u015bci od tego, kt\u00f3re zdarzenie nast\u0105pi wcze\u015bniej.<\/p><p>8. Konsument odst\u0119puj\u0105cy od Umowy Sprzeda\u017cy, zgodnie z\u00a0pkt 1 niniejszego paragrafu, ponosi koszty odes\u0142ania Produktu do\u00a0Sprzedawcy.<\/p><p>9. Termin czternastodniowy, w\u00a0kt\u00f3rym Konsument mo\u017ce odst\u0105pi\u0107 od umowy, liczy si\u0119 dla umowy, w\u00a0wykonaniu kt\u00f3rej Sprzedawca wydaje Produkt b\u0119d\u0105c zobowi\u0105zanym do\u00a0przeniesienia jego w\u0142asno\u015bci \u2013 od dnia, w\u00a0kt\u00f3rym Konsument (lub wskazana przez niego osoba trzecia inna ni\u017c przewo\u017anik) obj\u0105\u0142 Produkt w\u00a0posiadanie.<\/p><p>10. Prawo odst\u0105pienia od umowy zawartej na\u00a0odleg\u0142o\u015b\u0107 nie przys\u0142uguje Konsumentowi w\u00a0wypadku Umowy Sprzeda\u017cy m.in., w\u00a0kt\u00f3rej przedmiotem \u015bwiadczenia jest towar nieprefabrykowany, wyprodukowany wed\u0142ug specyfikacji Konsumenta lub s\u0142u\u017c\u0105cy zaspokojeniu jego zindywidualizowanych potrzeb.\u00a0Kategori\u0105 produkt\u00f3w niepodlegaj\u0105cych prawu do zwrotu s\u0105 produkty realizowane na specjalne zam\u00f3wienie. Indywidualne zam\u00f3wienie, takie jak personalizacja produktu, oznacza, \u017ce sklep zobowi\u0105zuje si\u0119 do uruchomienia procesu produkcyjnego wedle wskaza\u0144 klienta. Taki towar nie trafia do regularnej sprzeda\u017cy detalicznej, przez co nie mo\u017ce zosta\u0107 zwr\u00f3cony.<\/p><p>11. Prawo odst\u0105pienia od Umowy Sprzeda\u017cy przys\u0142uguje zar\u00f3wno Sprzedawcy, jak i\u00a0Klientowi, w\u00a0przypadku niewykonania przez drug\u0105 stron\u0119 umowy swojego zobowi\u0105zania w\u00a0terminie \u015bci\u015ble okre\u015blonym.<\/p><p>12. U\u017cytkownik mo\u017ce w dowolnym czasie zrezygnowa\u0107 z korzystania z Serwisu. Sprzedawca zastrzega sobie prawo zawieszenia, w dowolnym momencie i z dowolnych przyczyn, dzia\u0142alno\u015bci Serwisu, jak r\u00f3wnie\u017c prawo do modyfikacji lub zako\u0144czenia \u015bwiadczenia za jego po\u015brednictwem Us\u0142ug.\u00a0<\/p><p><b>Par. 6 Wymagania Techniczne oraz informacja o plikach cookies<\/b><\/p><p>Zalecane wymagania techniczne wsp\u00f3\u0142pracy z systemem teleinformatycznym to: komputer z dost\u0119pem do Internetu, dost\u0119p do poczty elektronicznej, przegl\u0105darka internetowa.<br \/>Serwis korzysta z technologii plik\u00f3w cookies. Pliki cookies (zwane r\u00f3wnie\u017c tzw.\u00a0\u201eciasteczka \u201e) stanowi\u0105 dane informatyczne, a w szczeg\u00f3lno\u015bci pliki\u00a0tekstowe, kt\u00f3re przechowywane s\u0105 w urz\u0105dzeniu ko\u0144cowym U\u017cytkownika i s\u0105 przeznaczone do korzystania ze strony internetowej Serwisu.<br \/>Pliki wskazane w pkt 1 pozwalaj\u0105 rozpozna\u0107 urz\u0105dzenie U\u017cytkownika i\u00a0odpowiednio wy\u015bwietli\u0107 stron\u0119 internetow\u0105 dostosowan\u0105 do jego\u00a0indywidualnych preferencji.<br \/>W ramach Serwisu stosowane s\u0105 r\u00f3\u017cne rodzaje plik\u00f3w cookies, kt\u00f3rymi s\u0105:<br \/>Cookies sta\u0142e, to pliki cookies, kt\u00f3rych okres przechowywania na urz\u0105dzeniu\u00a0ko\u0144cowym trwa przez czas okre\u015blony w parametrach danego pliku lub do\u00a0momentu samodzielnego usuni\u0119cia plik\u00f3w cookies przez U\u017cytkownika.<br \/>Cookies tymczasowe, to pliki cookies, kt\u00f3re s\u0105 usuwane w momencie zako\u0144czenia tzw. sesji, tj. wylogowania si\u0119 ze strony www, opuszczenia strony www lub zamkni\u0119cia przegl\u0105darki internetowej, kt\u00f3ra wy\u015bwietla stron\u0119 www.<br \/>Cookies w\u0142asne to pliki cookies umieszczone na stronie www przez w\u0142a\u015bciciela. Cookies zewn\u0119trzne, to pliki cookies umieszczone na stronie www przez podmioty zewn\u0119trzne, np. do prowadzenia anonimowych statystyk przez Google Analytics.<br \/>W celu zmiany ustawie\u0144 Polityki Cookies nale\u017cy zmieni\u0107 ustawienia\u00a0przegl\u0105darki.<br \/>Szczeg\u00f3\u0142owe informacje na temat zmiany ustawie\u0144 dotycz\u0105cych plik\u00f3w Cookies oraz ich samodzielnego usuwania w najpopularniejszych przegl\u0105darkach internetowych, dost\u0119pne s\u0105 w dziale pomocy przegl\u0105darki internetowej.<\/p><p><b>Par. 7\u00a0Postanowienia ko\u0144cowe<\/b><\/p><p>Us\u0142ugodawca zastrzega sobie prawo do wprowadzania zmian w tre\u015bciach znajduj\u0105cych si\u0119 w Serwisie oraz do ewentualnych zmian w cenniku szkole\u0144 i us\u0142ug oferowanych za po\u015brednictwem Serwisu, w zale\u017cno\u015bci od zmieniaj\u0105cych si\u0119 u\u015brednionych stawek rynkowych.<br \/>Us\u0142ugodawca nie ponosi odpowiedzialno\u015bci za:<br \/>a) jakiekolwiek szkody spowodowane naruszeniem przez U\u017cytkownik\u00f3w \u2013 w\u00a0zwi\u0105zku z korzystaniem z Serwisu \u2013 praw os\u00f3b trzecich;<br \/>b) szkody powsta\u0142e w nast\u0119pstwie zak\u0142\u00f3ce\u0144 w dzia\u0142aniu Serwisu lub jego\u00a0niedost\u0119pno\u015bci, spowodowanych przyczynami niezale\u017cnymi od\u00a0Us\u0142ugodawcy lub kt\u00f3re nast\u0105pi\u0142y wskutek zdarze\u0144, kt\u00f3rym Us\u0142ugodawca nie\u00a0by\u0142 w stanie zapobiec;<br \/>c) jakiekolwiek inne szkody spowodowane nieprzestrzeganiem przez U\u017cytkownika postanowie\u0144 niniejszego Regulaminu.<br \/>Zmiana tre\u015bci niniejszego Regulaminu mo\u017ce nast\u0105pi\u0107 po uprzednim poinformowaniu U\u017cytkownik\u00f3w o zakresie przewidywanych zmian nie p\u00f3\u017aniej ni\u017c w terminie 14 dni przed dniem ich wej\u015bcia w \u017cycie.<br \/>Zam\u00f3wienia z\u0142o\u017cone w trakcie obowi\u0105zywania poprzedniej wersji\u00a0Regulaminu b\u0119d\u0105 realizowane zgodnie z jego postanowieniami.<br \/>Ewentualne spory powsta\u0142e pomi\u0119dzy Sprzedawc\u0105 a Klientem, kt\u00f3ry jest\u00a0Konsumentem, rozstrzygane b\u0119d\u0105 przez s\u0105d powszechny w\u0142a\u015bciwy zgodnie\u00a0z przepisami Kodeksu post\u0119powania cywilnego.<br \/>Ewentualne spory powsta\u0142e pomi\u0119dzy Sprzedawc\u0105 a Klientem, kt\u00f3ry nie jest\u00a0konsumentem, rozstrzygane b\u0119d\u0105 przez s\u0105d powszechny w\u0142a\u015bciwy ze\u00a0wzgl\u0119du na siedzib\u0119 Serwisu.<\/p><p>U\u017cytkownicy mog\u0105 kontaktowa\u0107 si\u0119 ze Sprzedawc\u0105 w nast\u0119puj\u0105cy spos\u00f3b:<br \/>a) telefon: 724651491<br \/>b) email: wydawnictwo@od7bolesci.pl<\/p><p>Klient mo\u017ce uzyska\u0107 dost\u0119p do niniejszego Regulaminu w ka\u017cdym czasie za\u00a0po\u015brednictwem linku zamieszczonego na stronie g\u0142\u00f3wnej Serwisu.<\/p><p>Wszelkie materia\u0142y znajduj\u0105ce si\u0119 w Serwisie stanowi\u0105 przedmiot prawa autorskiego i podlegaj\u0105 ochronie prawnej. Wykorzystywanie i rozpowszechnianie ich bez zgody w\u0142a\u015bciciela Serwisu jest zabronione.<br \/>Niniejszy Regulamin obowi\u0105zuje od dnia data uruchomienia sklepu .<br \/>Konsument w sytuacji sporu ze Sprzedawc\u0105 ma mo\u017cliwo\u015b\u0107 polubownego\u00a0za\u0142atwienia sprawy poprzez:<br \/>a) zwr\u00f3cenie si\u0119 do sta\u0142ego polubownego s\u0105du konsumenckiego<br \/>b) mediacj\u0119<br \/>c) zwr\u00f3cenie si\u0119 do wojew\u00f3dzkiego inspektora Inspekcji Handlowej<br \/>d) uzyska\u0107 bezp\u0142atn\u0105 pomoc w sprawie rozstrzygni\u0119cia sporu od Federacji<br \/>Konsument\u00f3w korzystaj\u0105c z bezp\u0142atnej infolinii konsumenckiej 800 007 707.<\/p>\t\t\t\t\t\t\t\t<\/div>\n\t\t\t\t<\/div>\n\t\t\t\t\t<\/div>\n\t\t\t\t<\/div>\n\t\t\t\t<\/div>\n\t\t","protected":false},"excerpt":{"rendered":"<p>Regulamin strony Niniejszy Regulamin, jest Regulaminem, o kt\u00f3rym mowa w art. 8 Ustawy z dnia 18 lipca 2002 r. o \u015bwiadczeniu us\u0142ug drog\u0105 elektroniczn\u0105 (Dz. U. z 2002 r. Nr 144, poz. 1204 ze zm.), a tak\u017ce reguluje warunki zawierania Um\u00f3w sprzeda\u017cy w Serwisie, zgodnie z tre\u015bci\u0105 innych ustaw, odpowiednio [&hellip;]<\/p>\n","protected":false},"author":1,"featured_media":0,"parent":0,"menu_order":0,"comment_status":"closed","ping_status":"closed","template":"page-templates\/template-pagebuilder-full-width.php","meta":{"footnotes":""},"class_list":["post-245","page","type-page","status-publish","hentry"],"_links":{"self":[{"href":"https:\/\/od7bolesci.pl\/index.php?rest_route=\/wp\/v2\/pages\/245","targetHints":{"allow":["GET"]}}],"collection":[{"href":"https:\/\/od7bolesci.pl\/index.php?rest_route=\/wp\/v2\/pages"}],"about":[{"href":"https:\/\/od7bolesci.pl\/index.php?rest_route=\/wp\/v2\/types\/page"}],"author":[{"embeddable":true,"href":"https:\/\/od7bolesci.pl\/index.php?rest_route=\/wp\/v2\/users\/1"}],"replies":[{"embeddable":true,"href":"https:\/\/od7bolesci.pl\/index.php?rest_route=%2Fwp%2Fv2%2Fcomments&post=245"}],"version-history":[{"count":31,"href":"https:\/\/od7bolesci.pl\/index.php?rest_route=\/wp\/v2\/pages\/245\/revisions"}],"predecessor-version":[{"id":292,"href":"https:\/\/od7bolesci.pl\/index.php?rest_route=\/wp\/v2\/pages\/245\/revisions\/292"}],"wp:attachment":[{"href":"https:\/\/od7bolesci.pl\/index.php?rest_route=%2Fwp%2Fv2%2Fmedia&parent=245"}],"curies":[{"name":"wp","href":"https:\/\/api.w.org\/{rel}","templated":true}]}}